{"id":732,"date":"2025-06-12T10:38:46","date_gmt":"2025-06-12T18:38:46","guid":{"rendered":"https:\/\/purplered.com\/Design\/?page_id=732"},"modified":"2025-06-18T11:17:11","modified_gmt":"2025-06-18T19:17:11","slug":"mosaique-magazine","status":"publish","type":"page","link":"https:\/\/purplered.com\/Design\/mosaique-magazine\/","title":{"rendered":"Mosa\u00efque Magazine"},"content":{"rendered":"\n<p class=\"has-small-font-size\"><strong>Art direction, Design, and Production: <\/strong><em>Mosa\u00efque<\/em>, the bilingual French-English Magazine published by the<strong> Alliance Fran\u00e7aise<\/strong> of Los&nbsp;Angeles and San&nbsp;Diego, California.<\/p>\n\n\n\n<div class=\"wp-block-cover alignwide is-light\"><span aria-hidden=\"true\" class=\"wp-block-cover__background has-background-background-color has-background-dim-100 has-background-dim\"><\/span><div class=\"wp-block-cover__inner-container\">\n<hr class=\"wp-block-separator aligncenter has-alpha-channel-opacity is-style-wide\" style=\"margin-top:0;margin-bottom:0\"\/>\n\n\n\n<h5 class=\"wp-block-heading\">Edition 3: Paris and Versailles<\/h5>\n\n\n\n<div class=\"wp-block-columns is-layout-flex wp-container-3\">\n<div class=\"wp-block-column is-layout-flow\">\n<figure class=\"wp-block-image aligncenter size-large\"><img decoding=\"async\" loading=\"lazy\" width=\"575\" height=\"1024\" src=\"https:\/\/purplered.com\/Design\/wp-content\/uploads\/2025\/06\/AstridChevallier_Mosaique3_Paris_01-575x1024.jpg\" alt=\"\" class=\"wp-image-733\" srcset=\"https:\/\/purplered.com\/Design\/wp-content\/uploads\/2025\/06\/AstridChevallier_Mosaique3_Paris_01-575x1024.jpg 575w, https:\/\/purplered.com\/Design\/wp-content\/uploads\/2025\/06\/AstridChevallier_Mosaique3_Paris_01-168x300.jpg 168w, https:\/\/purplered.com\/Design\/wp-content\/uploads\/2025\/06\/AstridChevallier_Mosaique3_Paris_01-768x1368.jpg 768w, https:\/\/purplered.com\/Design\/wp-content\/uploads\/2025\/06\/AstridChevallier_Mosaique3_Paris_01-862x1536.jpg 862w, https:\/\/purplered.com\/Design\/wp-content\/uploads\/2025\/06\/AstridChevallier_Mosaique3_Paris_01-1150x2048.jpg 1150w, https:\/\/purplered.com\/Design\/wp-content\/uploads\/2025\/06\/AstridChevallier_Mosaique3_Paris_01.jpg 1190w\" sizes=\"(max-width: 575px) 100vw, 575px\" \/><\/figure>\n<\/div>\n\n\n\n<div class=\"wp-block-column is-layout-flow\">\n<figure class=\"wp-block-image size-large\"><img decoding=\"async\" loading=\"lazy\" width=\"575\" height=\"1024\" src=\"https:\/\/purplered.com\/Design\/wp-content\/uploads\/2025\/06\/AstridChevallier_Mosaique3_Paris_02-575x1024.jpg\" alt=\"\" class=\"wp-image-735\" srcset=\"https:\/\/purplered.com\/Design\/wp-content\/uploads\/2025\/06\/AstridChevallier_Mosaique3_Paris_02-575x1024.jpg 575w, https:\/\/purplered.com\/Design\/wp-content\/uploads\/2025\/06\/AstridChevallier_Mosaique3_Paris_02-168x300.jpg 168w, https:\/\/purplered.com\/Design\/wp-content\/uploads\/2025\/06\/AstridChevallier_Mosaique3_Paris_02-768x1368.jpg 768w, https:\/\/purplered.com\/Design\/wp-content\/uploads\/2025\/06\/AstridChevallier_Mosaique3_Paris_02-862x1536.jpg 862w, https:\/\/purplered.com\/Design\/wp-content\/uploads\/2025\/06\/AstridChevallier_Mosaique3_Paris_02-1150x2048.jpg 1150w, https:\/\/purplered.com\/Design\/wp-content\/uploads\/2025\/06\/AstridChevallier_Mosaique3_Paris_02.jpg 1190w\" sizes=\"(max-width: 575px) 100vw, 575px\" \/><\/figure>\n<\/div>\n<\/div>\n\n\n\n<p class=\"has-text-color has-small-font-size\" style=\"color:#808080\"><em>The New Year edition celebrated the glorious lights and monuments of Paris and Versailles. To honor French cultural heritage, I chose a golden color palette paired with a rich royal blue: evoking elegance, tradition, and a festive spirit.<\/em><\/p>\n\n\n\n<hr class=\"wp-block-separator aligncenter has-alpha-channel-opacity is-style-wide\" style=\"margin-top:0;margin-bottom:0\"\/>\n<\/div><\/div>\n\n\n\n<h4 class=\"wp-block-heading has-custom-9-a-3494-color has-text-color\">The Brief<\/h4>\n\n\n\n<p>Starting with the third edition of <em>Mosa\u00efque<\/em>, I was brought on to redesign the interior layout as a sophisticated, engaging, and easy-to-read format, while preserving the existing cover template. <\/p>\n\n\n\n<h4 class=\"wp-block-heading has-custom-9-a-3494-color has-text-color\">Solution: a layout system<\/h4>\n\n\n\n<p>Working closely with the Los Angeles editorial team, I created a layout system that could be reused for future issues, yet remained flexible enough to be easily customized for each edition.<\/p>\n\n\n\n<h4 class=\"wp-block-heading has-custom-9-a-3494-color has-text-color\">Production<\/h4>\n\n\n\n<p>The editorial team provided bilingual content (in French and English), photos, and advertisements. I handled the full design process: layout, photo optimization, presentation and revisions, and pre-press production. I conducted on-site press checks to review and sign off on final proofs (&#8220;<em>Bon \u00e0 Tirer&#8221;<\/em> in French), ensuring the highest print quality before full production. I also produced downloadable web versions for online distribution.<\/p>\n\n\n\n<h4 class=\"wp-block-heading has-custom-9-a-3494-color has-text-color\">Result: Expansion<\/h4>\n\n\n\n<p>As the new design led to more visibility and popularity, the Los Angeles-based publication expanded to include a San Diego edition. <br>I managed the design and production of both versions. While some content was shared, each edition also included location-specific pages, adding complexity to the design, pre-press, and printing process. To maximize the production budget, I proposed an optimized workflow: shared pages would be printed in a single run, while location-specific content would be printed separately and assembled into their respective editions. This approach influenced the editorial structure, as location-specific content had to be confined to dedicated pages, but it proved to be a cost-effective solution and was successfully adopted.<br>Each version also had their respective online formats, which I would also produce and deliver as web-optimized PDF files.<\/p>\n\n\n\n<div class=\"wp-block-cover alignwide is-light\"><span aria-hidden=\"true\" class=\"wp-block-cover__background has-background-background-color has-background-dim-100 has-background-dim\"><\/span><div class=\"wp-block-cover__inner-container\">\n<hr class=\"wp-block-separator aligncenter has-alpha-channel-opacity is-style-wide\" style=\"margin-top:0;margin-bottom:0\"\/>\n\n\n\n<h5 class=\"wp-block-heading\">Edition 4: Lyon<\/h5>\n\n\n\n<div class=\"wp-block-columns is-layout-flex wp-container-6\">\n<div class=\"wp-block-column is-layout-flow\">\n<figure class=\"wp-block-image size-large\"><img decoding=\"async\" loading=\"lazy\" width=\"575\" height=\"1024\" src=\"https:\/\/purplered.com\/Design\/wp-content\/uploads\/2025\/06\/AstridChevallier_Mosaique4_Lyon_01-575x1024.jpg\" alt=\"\" class=\"wp-image-737\" srcset=\"https:\/\/purplered.com\/Design\/wp-content\/uploads\/2025\/06\/AstridChevallier_Mosaique4_Lyon_01-575x1024.jpg 575w, https:\/\/purplered.com\/Design\/wp-content\/uploads\/2025\/06\/AstridChevallier_Mosaique4_Lyon_01-168x300.jpg 168w, https:\/\/purplered.com\/Design\/wp-content\/uploads\/2025\/06\/AstridChevallier_Mosaique4_Lyon_01-768x1368.jpg 768w, https:\/\/purplered.com\/Design\/wp-content\/uploads\/2025\/06\/AstridChevallier_Mosaique4_Lyon_01-862x1536.jpg 862w, https:\/\/purplered.com\/Design\/wp-content\/uploads\/2025\/06\/AstridChevallier_Mosaique4_Lyon_01-1150x2048.jpg 1150w, https:\/\/purplered.com\/Design\/wp-content\/uploads\/2025\/06\/AstridChevallier_Mosaique4_Lyon_01.jpg 1190w\" sizes=\"(max-width: 575px) 100vw, 575px\" \/><\/figure>\n<\/div>\n\n\n\n<div class=\"wp-block-column is-layout-flow\">\n<figure class=\"wp-block-image size-large\"><img decoding=\"async\" loading=\"lazy\" width=\"575\" height=\"1024\" src=\"https:\/\/purplered.com\/Design\/wp-content\/uploads\/2025\/06\/AstridChevallier_Mosaique4_Lyon_02-575x1024.jpg\" alt=\"\" class=\"wp-image-738\" srcset=\"https:\/\/purplered.com\/Design\/wp-content\/uploads\/2025\/06\/AstridChevallier_Mosaique4_Lyon_02-575x1024.jpg 575w, https:\/\/purplered.com\/Design\/wp-content\/uploads\/2025\/06\/AstridChevallier_Mosaique4_Lyon_02-168x300.jpg 168w, https:\/\/purplered.com\/Design\/wp-content\/uploads\/2025\/06\/AstridChevallier_Mosaique4_Lyon_02-768x1368.jpg 768w, https:\/\/purplered.com\/Design\/wp-content\/uploads\/2025\/06\/AstridChevallier_Mosaique4_Lyon_02-862x1536.jpg 862w, https:\/\/purplered.com\/Design\/wp-content\/uploads\/2025\/06\/AstridChevallier_Mosaique4_Lyon_02-1150x2048.jpg 1150w, https:\/\/purplered.com\/Design\/wp-content\/uploads\/2025\/06\/AstridChevallier_Mosaique4_Lyon_02.jpg 1190w\" sizes=\"(max-width: 575px) 100vw, 575px\" \/><\/figure>\n<\/div>\n<\/div>\n\n\n\n<p class=\"has-text-color has-small-font-size\" style=\"color:#808080\"><em>The old town of Lyon is famous for its pink colored renaissance apartment buildings with pastel tones, therefore it was an obvious choice to use shades of pink and fuchsia as the main color tone for this edition.<\/em><\/p>\n\n\n\n<hr class=\"wp-block-separator aligncenter has-alpha-channel-opacity is-style-wide\" style=\"margin-top:0;margin-bottom:0\"\/>\n<\/div><\/div>\n\n\n\n<div class=\"wp-block-cover alignwide is-light\"><span aria-hidden=\"true\" class=\"wp-block-cover__background has-background-background-color has-background-dim-100 has-background-dim\"><\/span><div class=\"wp-block-cover__inner-container\">\n<h5 class=\"wp-block-heading\">Edition 5: Polyn\u00e9sie Fran\u00e7aise<\/h5>\n\n\n\n<div class=\"wp-block-columns is-layout-flex wp-container-9\">\n<div class=\"wp-block-column is-layout-flow\">\n<figure class=\"wp-block-image size-large\"><img decoding=\"async\" loading=\"lazy\" width=\"575\" height=\"1024\" src=\"https:\/\/purplered.com\/Design\/wp-content\/uploads\/2025\/06\/AstridChevallier_Mosaique5_Polynesie_01-575x1024.jpg\" alt=\"\" class=\"wp-image-780\" srcset=\"https:\/\/purplered.com\/Design\/wp-content\/uploads\/2025\/06\/AstridChevallier_Mosaique5_Polynesie_01-575x1024.jpg 575w, https:\/\/purplered.com\/Design\/wp-content\/uploads\/2025\/06\/AstridChevallier_Mosaique5_Polynesie_01-168x300.jpg 168w, https:\/\/purplered.com\/Design\/wp-content\/uploads\/2025\/06\/AstridChevallier_Mosaique5_Polynesie_01-768x1368.jpg 768w, https:\/\/purplered.com\/Design\/wp-content\/uploads\/2025\/06\/AstridChevallier_Mosaique5_Polynesie_01-862x1536.jpg 862w, https:\/\/purplered.com\/Design\/wp-content\/uploads\/2025\/06\/AstridChevallier_Mosaique5_Polynesie_01-1150x2048.jpg 1150w, https:\/\/purplered.com\/Design\/wp-content\/uploads\/2025\/06\/AstridChevallier_Mosaique5_Polynesie_01.jpg 1190w\" sizes=\"(max-width: 575px) 100vw, 575px\" \/><\/figure>\n<\/div>\n\n\n\n<div class=\"wp-block-column is-layout-flow\">\n<figure class=\"wp-block-image size-large\"><img decoding=\"async\" loading=\"lazy\" width=\"575\" height=\"1024\" src=\"https:\/\/purplered.com\/Design\/wp-content\/uploads\/2025\/06\/AstridChevallier_Mosaique5_Polynesie_02-575x1024.jpg\" alt=\"\" class=\"wp-image-781\" srcset=\"https:\/\/purplered.com\/Design\/wp-content\/uploads\/2025\/06\/AstridChevallier_Mosaique5_Polynesie_02-575x1024.jpg 575w, https:\/\/purplered.com\/Design\/wp-content\/uploads\/2025\/06\/AstridChevallier_Mosaique5_Polynesie_02-168x300.jpg 168w, https:\/\/purplered.com\/Design\/wp-content\/uploads\/2025\/06\/AstridChevallier_Mosaique5_Polynesie_02-768x1368.jpg 768w, https:\/\/purplered.com\/Design\/wp-content\/uploads\/2025\/06\/AstridChevallier_Mosaique5_Polynesie_02-862x1536.jpg 862w, https:\/\/purplered.com\/Design\/wp-content\/uploads\/2025\/06\/AstridChevallier_Mosaique5_Polynesie_02-1150x2048.jpg 1150w, https:\/\/purplered.com\/Design\/wp-content\/uploads\/2025\/06\/AstridChevallier_Mosaique5_Polynesie_02.jpg 1190w\" sizes=\"(max-width: 575px) 100vw, 575px\" \/><\/figure>\n<\/div>\n<\/div>\n\n\n\n<p class=\"has-text-color has-small-font-size\" style=\"color:#808080\"><em>Dark and coral blue on white pages make this edition truly feel like a trip to the tropical pacific islands!<\/em><\/p>\n\n\n\n<hr class=\"wp-block-separator aligncenter has-alpha-channel-opacity is-style-wide\" style=\"margin-top:0;margin-bottom:0\"\/>\n<\/div><\/div>\n\n\n\n<div class=\"wp-block-cover alignwide is-light\"><span aria-hidden=\"true\" class=\"wp-block-cover__background has-background-background-color has-background-dim-100 has-background-dim\"><\/span><div class=\"wp-block-cover__inner-container\">\n<h5 class=\"wp-block-heading\">Edition 6: Strasbourg<\/h5>\n\n\n\n<div class=\"wp-block-columns is-layout-flex wp-container-12\">\n<div class=\"wp-block-column is-layout-flow\">\n<figure class=\"wp-block-image size-large\"><img decoding=\"async\" loading=\"lazy\" width=\"575\" height=\"1024\" src=\"https:\/\/purplered.com\/Design\/wp-content\/uploads\/2025\/06\/AstridChevallier_Mosaique6_Strasbourg_01-575x1024.jpg\" alt=\"\" class=\"wp-image-785\" srcset=\"https:\/\/purplered.com\/Design\/wp-content\/uploads\/2025\/06\/AstridChevallier_Mosaique6_Strasbourg_01-575x1024.jpg 575w, https:\/\/purplered.com\/Design\/wp-content\/uploads\/2025\/06\/AstridChevallier_Mosaique6_Strasbourg_01-168x300.jpg 168w, https:\/\/purplered.com\/Design\/wp-content\/uploads\/2025\/06\/AstridChevallier_Mosaique6_Strasbourg_01-768x1368.jpg 768w, https:\/\/purplered.com\/Design\/wp-content\/uploads\/2025\/06\/AstridChevallier_Mosaique6_Strasbourg_01-862x1536.jpg 862w, https:\/\/purplered.com\/Design\/wp-content\/uploads\/2025\/06\/AstridChevallier_Mosaique6_Strasbourg_01-1150x2048.jpg 1150w, https:\/\/purplered.com\/Design\/wp-content\/uploads\/2025\/06\/AstridChevallier_Mosaique6_Strasbourg_01.jpg 1190w\" sizes=\"(max-width: 575px) 100vw, 575px\" \/><\/figure>\n<\/div>\n\n\n\n<div class=\"wp-block-column is-layout-flow\">\n<figure class=\"wp-block-image size-large\"><img decoding=\"async\" loading=\"lazy\" width=\"575\" height=\"1024\" src=\"https:\/\/purplered.com\/Design\/wp-content\/uploads\/2025\/06\/AstridChevallier_Mosaique6_Strasbourg_02-575x1024.jpg\" alt=\"\" class=\"wp-image-786\" srcset=\"https:\/\/purplered.com\/Design\/wp-content\/uploads\/2025\/06\/AstridChevallier_Mosaique6_Strasbourg_02-575x1024.jpg 575w, https:\/\/purplered.com\/Design\/wp-content\/uploads\/2025\/06\/AstridChevallier_Mosaique6_Strasbourg_02-168x300.jpg 168w, https:\/\/purplered.com\/Design\/wp-content\/uploads\/2025\/06\/AstridChevallier_Mosaique6_Strasbourg_02-768x1368.jpg 768w, https:\/\/purplered.com\/Design\/wp-content\/uploads\/2025\/06\/AstridChevallier_Mosaique6_Strasbourg_02-862x1536.jpg 862w, https:\/\/purplered.com\/Design\/wp-content\/uploads\/2025\/06\/AstridChevallier_Mosaique6_Strasbourg_02-1150x2048.jpg 1150w, https:\/\/purplered.com\/Design\/wp-content\/uploads\/2025\/06\/AstridChevallier_Mosaique6_Strasbourg_02.jpg 1190w\" sizes=\"(max-width: 575px) 100vw, 575px\" \/><\/figure>\n<\/div>\n<\/div>\n\n\n\n<p class=\"has-text-color has-small-font-size\" style=\"color:#808080\"><em>A dark green and a textured light gold was the color theme for this edition that acted as an invitation to celebrate the end of year festivities with lots of champagne, in pure French tradition!<\/em><\/p>\n\n\n\n<hr class=\"wp-block-separator aligncenter has-alpha-channel-opacity is-style-wide\" style=\"margin-top:0;margin-bottom:0\"\/>\n<\/div><\/div>\n\n\n\n<div class=\"wp-block-cover alignwide is-light\"><span aria-hidden=\"true\" class=\"wp-block-cover__background has-background-background-color has-background-dim-100 has-background-dim\"><\/span><div class=\"wp-block-cover__inner-container\">\n<h5 class=\"wp-block-heading\">Edition 7: Qu\u00e9bec<\/h5>\n\n\n\n<div class=\"wp-block-columns is-layout-flex wp-container-15\">\n<div class=\"wp-block-column is-layout-flow\">\n<figure class=\"wp-block-image size-large\"><img decoding=\"async\" loading=\"lazy\" width=\"575\" height=\"1024\" src=\"https:\/\/purplered.com\/Design\/wp-content\/uploads\/2025\/06\/AstridChevallier_Mosaique7_Quebec_01-575x1024.jpg\" alt=\"\" class=\"wp-image-791\" srcset=\"https:\/\/purplered.com\/Design\/wp-content\/uploads\/2025\/06\/AstridChevallier_Mosaique7_Quebec_01-575x1024.jpg 575w, https:\/\/purplered.com\/Design\/wp-content\/uploads\/2025\/06\/AstridChevallier_Mosaique7_Quebec_01-168x300.jpg 168w, https:\/\/purplered.com\/Design\/wp-content\/uploads\/2025\/06\/AstridChevallier_Mosaique7_Quebec_01-768x1368.jpg 768w, https:\/\/purplered.com\/Design\/wp-content\/uploads\/2025\/06\/AstridChevallier_Mosaique7_Quebec_01-862x1536.jpg 862w, https:\/\/purplered.com\/Design\/wp-content\/uploads\/2025\/06\/AstridChevallier_Mosaique7_Quebec_01-1150x2048.jpg 1150w, https:\/\/purplered.com\/Design\/wp-content\/uploads\/2025\/06\/AstridChevallier_Mosaique7_Quebec_01.jpg 1190w\" sizes=\"(max-width: 575px) 100vw, 575px\" \/><\/figure>\n<\/div>\n\n\n\n<div class=\"wp-block-column is-layout-flow\">\n<figure class=\"wp-block-image size-large\"><img decoding=\"async\" loading=\"lazy\" width=\"575\" height=\"1024\" src=\"https:\/\/purplered.com\/Design\/wp-content\/uploads\/2025\/06\/AstridChevallier_Mosaique7_Quebec_02-575x1024.jpg\" alt=\"\" class=\"wp-image-792\" srcset=\"https:\/\/purplered.com\/Design\/wp-content\/uploads\/2025\/06\/AstridChevallier_Mosaique7_Quebec_02-575x1024.jpg 575w, https:\/\/purplered.com\/Design\/wp-content\/uploads\/2025\/06\/AstridChevallier_Mosaique7_Quebec_02-168x300.jpg 168w, https:\/\/purplered.com\/Design\/wp-content\/uploads\/2025\/06\/AstridChevallier_Mosaique7_Quebec_02-768x1368.jpg 768w, https:\/\/purplered.com\/Design\/wp-content\/uploads\/2025\/06\/AstridChevallier_Mosaique7_Quebec_02-862x1536.jpg 862w, https:\/\/purplered.com\/Design\/wp-content\/uploads\/2025\/06\/AstridChevallier_Mosaique7_Quebec_02-1150x2048.jpg 1150w, https:\/\/purplered.com\/Design\/wp-content\/uploads\/2025\/06\/AstridChevallier_Mosaique7_Quebec_02.jpg 1190w\" sizes=\"(max-width: 575px) 100vw, 575px\" \/><\/figure>\n<\/div>\n<\/div>\n\n\n\n<p class=\"has-text-color has-small-font-size\" style=\"color:#808080\"><em>Ice cold color for a frozen visit to Qu\u00e9bec.<\/em><\/p>\n\n\n\n<hr class=\"wp-block-separator aligncenter has-alpha-channel-opacity is-style-wide\" style=\"margin-top:0;margin-bottom:0\"\/>\n<\/div><\/div>\n\n\n\n<div class=\"wp-block-cover alignwide is-light\"><span aria-hidden=\"true\" class=\"wp-block-cover__background has-background-background-color has-background-dim-100 has-background-dim\"><\/span><div class=\"wp-block-cover__inner-container\">\n<h5 class=\"wp-block-heading\">Edition 8: Bourgogne<\/h5>\n\n\n\n<div class=\"wp-block-columns is-layout-flex wp-container-18\">\n<div class=\"wp-block-column is-layout-flow\">\n<figure class=\"wp-block-image size-large\"><img decoding=\"async\" loading=\"lazy\" width=\"575\" height=\"1024\" src=\"https:\/\/purplered.com\/Design\/wp-content\/uploads\/2025\/06\/AstridChevallier_Mosaique8_Bourgogne_01-575x1024.jpg\" alt=\"\" class=\"wp-image-793\" srcset=\"https:\/\/purplered.com\/Design\/wp-content\/uploads\/2025\/06\/AstridChevallier_Mosaique8_Bourgogne_01-575x1024.jpg 575w, https:\/\/purplered.com\/Design\/wp-content\/uploads\/2025\/06\/AstridChevallier_Mosaique8_Bourgogne_01-168x300.jpg 168w, https:\/\/purplered.com\/Design\/wp-content\/uploads\/2025\/06\/AstridChevallier_Mosaique8_Bourgogne_01-768x1368.jpg 768w, https:\/\/purplered.com\/Design\/wp-content\/uploads\/2025\/06\/AstridChevallier_Mosaique8_Bourgogne_01-862x1536.jpg 862w, https:\/\/purplered.com\/Design\/wp-content\/uploads\/2025\/06\/AstridChevallier_Mosaique8_Bourgogne_01-1150x2048.jpg 1150w, https:\/\/purplered.com\/Design\/wp-content\/uploads\/2025\/06\/AstridChevallier_Mosaique8_Bourgogne_01.jpg 1190w\" sizes=\"(max-width: 575px) 100vw, 575px\" \/><\/figure>\n<\/div>\n\n\n\n<div class=\"wp-block-column is-layout-flow\">\n<figure class=\"wp-block-image size-large\"><img decoding=\"async\" loading=\"lazy\" width=\"575\" height=\"1024\" src=\"https:\/\/purplered.com\/Design\/wp-content\/uploads\/2025\/06\/AstridChevallier_Mosaique8_Bourgogne_02-575x1024.jpg\" alt=\"\" class=\"wp-image-794\" srcset=\"https:\/\/purplered.com\/Design\/wp-content\/uploads\/2025\/06\/AstridChevallier_Mosaique8_Bourgogne_02-575x1024.jpg 575w, https:\/\/purplered.com\/Design\/wp-content\/uploads\/2025\/06\/AstridChevallier_Mosaique8_Bourgogne_02-168x300.jpg 168w, https:\/\/purplered.com\/Design\/wp-content\/uploads\/2025\/06\/AstridChevallier_Mosaique8_Bourgogne_02-768x1368.jpg 768w, https:\/\/purplered.com\/Design\/wp-content\/uploads\/2025\/06\/AstridChevallier_Mosaique8_Bourgogne_02-862x1536.jpg 862w, https:\/\/purplered.com\/Design\/wp-content\/uploads\/2025\/06\/AstridChevallier_Mosaique8_Bourgogne_02-1150x2048.jpg 1150w, https:\/\/purplered.com\/Design\/wp-content\/uploads\/2025\/06\/AstridChevallier_Mosaique8_Bourgogne_02.jpg 1190w\" sizes=\"(max-width: 575px) 100vw, 575px\" \/><\/figure>\n<\/div>\n<\/div>\n\n\n\n<p class=\"has-text-color has-small-font-size\" style=\"color:#808080\"><em>Burgundy paired with lush dark green for an escape to Bourgogne, exploring its castles and gourmet dining.<\/em><\/p>\n\n\n\n<hr class=\"wp-block-separator aligncenter has-alpha-channel-opacity is-style-wide\" style=\"margin-top:0;margin-bottom:0\"\/>\n<\/div><\/div>\n","protected":false},"excerpt":{"rendered":"<p>Art direction, Design, and Production: Mosa\u00efque, the bilingual French-English Magazine published by the Alliance Fran\u00e7aise of Los&nbsp;Angeles and San&nbsp;Diego, California. The Brief Starting with the third edition of Mosa\u00efque, I was brought on to redesign the interior layout as a sophisticated, engaging, and easy-to-read format, while preserving the existing cover template. Solution: a layout system [&hellip;]<\/p>\n","protected":false},"author":1,"featured_media":0,"parent":0,"menu_order":0,"comment_status":"closed","ping_status":"closed","template":"","meta":[],"_links":{"self":[{"href":"https:\/\/purplered.com\/Design\/wp-json\/wp\/v2\/pages\/732"}],"collection":[{"href":"https:\/\/purplered.com\/Design\/wp-json\/wp\/v2\/pages"}],"about":[{"href":"https:\/\/purplered.com\/Design\/wp-json\/wp\/v2\/types\/page"}],"author":[{"embeddable":true,"href":"https:\/\/purplered.com\/Design\/wp-json\/wp\/v2\/users\/1"}],"replies":[{"embeddable":true,"href":"https:\/\/purplered.com\/Design\/wp-json\/wp\/v2\/comments?post=732"}],"version-history":[{"count":62,"href":"https:\/\/purplered.com\/Design\/wp-json\/wp\/v2\/pages\/732\/revisions"}],"predecessor-version":[{"id":947,"href":"https:\/\/purplered.com\/Design\/wp-json\/wp\/v2\/pages\/732\/revisions\/947"}],"wp:attachment":[{"href":"https:\/\/purplered.com\/Design\/wp-json\/wp\/v2\/media?parent=732"}],"curies":[{"name":"wp","href":"https:\/\/api.w.org\/{rel}","templated":true}]}}